{"id":682,"date":"2025-04-08T15:41:15","date_gmt":"2025-04-08T15:41:15","guid":{"rendered":"https:\/\/isaacpedroso.pt\/transporteselogistica\/?page_id=682"},"modified":"2025-04-11T08:26:48","modified_gmt":"2025-04-11T08:26:48","slug":"canal-denuncias","status":"publish","type":"page","link":"https:\/\/isaacpedroso.pt\/transporteselogistica\/canal-denuncias\/","title":{"rendered":"Canal Den\u00fancias"},"content":{"rendered":"\n<pre class=\"wp-block-verse has-text-align-left is-layout-constrained alignwide has-tiny-font-size\">A Lei n.\u00ba 93\/2021, de 20 de dezembro, que estabelece o Regime Geral de Prote\u00e7\u00e3o de Denunciantes de Infra\u00e7\u00f5es transp\u00f4s para o ordenamento jur\u00eddico portugu\u00eas a Diretiva (EU) 2019\/1937, de 23 de outubro de 2019, relativa \u00e0 prote\u00e7\u00e3o das pessoas que denunciam viola\u00e7\u00f5es do direito da Uni\u00e3o. De acordo com os princ\u00edpios de transpar\u00eancia e \u00e9tica, e ao abrigo do Regime Geral de Preven\u00e7\u00e3o da Corrup\u00e7\u00e3o, a Isaac Pedroso disponibiliza canais de den\u00fancias internos nos seguintes dom\u00ednios:<br><br>Contrata\u00e7\u00e3o p\u00fablica;<br>Servi\u00e7os, produtos e mercados financeiros e preven\u00e7\u00e3o do branqueamento de capitais e do financiamento do terrorismo;<br>Seguran\u00e7a e conformidade dos produtos;<br>Seguran\u00e7a dos transportes;<br>Prote\u00e7\u00e3o do ambiente;<br>Prote\u00e7\u00e3o contra radia\u00e7\u00f5es e seguran\u00e7a nuclear;<br>Seguran\u00e7a dos alimentos para consumo humano e animal, sa\u00fade animal e bem-estar animal;<br>Sa\u00fade P\u00fablica;<br>Defesa do consumidor;<br>Prote\u00e7\u00e3o da privacidade e dos dados pessoais e seguran\u00e7a da rede e dos sistemas de informa\u00e7\u00e3o.<br><br><strong>S\u00e3o considerados denunciantes:<\/strong><br>a) Os trabalhadores;<br>b) Os prestadores de servi\u00e7os, contratantes, subcontratantes e fornecedores, bem como quaisquer pessoas que atuem sob a sua supervis\u00e3o e dire\u00e7\u00e3o;<br>c) Os titulares de participa\u00e7\u00f5es sociais e as pessoas pertencentes a \u00f3rg\u00e3os de administra\u00e7\u00e3o ou de gest\u00e3o ou a \u00f3rg\u00e3os fiscais ou de supervis\u00e3o de pessoas coletivas, incluindo membros n\u00e3o executivos;<br>d) Volunt\u00e1rios e estagi\u00e1rios, remunerados ou n\u00e3o remunerados.<br>Est\u00e3o protegidas por lei as pessoas que de boa-f\u00e9 denunciem ou divulguem infra\u00e7\u00f5es com base em informa\u00e7\u00f5es que acreditem ser verdadeiras, no momento da den\u00fancia ou da divulga\u00e7\u00e3o p\u00fablica obtidas durante um processo de recrutamento ou em negocia\u00e7\u00f5es pr\u00e9-contratuais, bem como obtidas numa rela\u00e7\u00e3o profissional entretanto cessada. \u00c9 proibido praticar atos de retalia\u00e7\u00e3o contra o denunciante.<br>O denunciante beneficia da garantia de confidencialidade e anonimato, at\u00e9 ao momento em que essa informa\u00e7\u00e3o seja fulcral para as investiga\u00e7\u00f5es internas ou para os processos judiciais que da\u00ed advenham. Todas as den\u00fancias devem ser efetuadas com motivos razo\u00e1veis e de boa-f\u00e9. <br><br><strong>Procedimento para a apresenta\u00e7\u00e3o de Den\u00fancia<\/strong><br>Previsto na Lei n.\u00ba 93\/2021, encontra-se garantida a exaustividade, integridade e conserva\u00e7\u00e3o das den\u00fancias, a confidencialidade ou o anonimato dos denunciantes e a confidencialidade de terceiros mencionados na den\u00fancia, sendo impedido o acesso a pessoas n\u00e3o autorizadas.<br><br>Caso tomem conhecimento ou tiverem suspeitas fundadas da ocorr\u00eancia de atividades de corrup\u00e7\u00e3o ou infra\u00e7\u00f5es conexas, as den\u00fancias poder\u00e3o ser realizadas atrav\u00e9s do e-mail <strong>canaldedenuncias@isaacpedroso.pt<\/strong> garantindo a confidencialidade do denunciante ou atrav\u00e9s de carta <strong>ao cuidado do RCN: T\u00e2nia Caridade<\/strong> para a seguinte morada :<strong> Lugar do Bom Sucesso \u2013 Rua 3, 4730-453 Vila de Prado<\/strong> viabilizando, se assim o entender, o anonimato do denunciante, assegurando, em ambas, a resolu\u00e7\u00e3o atrav\u00e9s de um procedimento rigoroso, transparente e objetivo.<br><br>A participa\u00e7\u00e3o deve ser t\u00e3o detalhada quanto poss\u00edvel, transmitindo, de forma objetiva os factos de que tem conhecimento e documentos ou outra prova que possua.<br><br><strong>O processo de seguimento da Den\u00fancia <\/strong><br> \u2013 no prazo de 7 dias: notifica\u00e7\u00e3o a confirmar a rece\u00e7\u00e3o da Den\u00fancia;<br> \u2013 no prazo de 3 meses: comunica\u00e7\u00e3o da conclus\u00e3o, fundamenta\u00e7\u00e3o e caso se aplique das medidas previstas ou adotadas no seguimento da Den\u00fancia;<br> \u2013 no prazo de 15 dias ap\u00f3s a conclus\u00e3o do tratamento da Den\u00fancia: caso o denunciante requeira, a comunica\u00e7\u00e3o do resultado da an\u00e1lise efetuada.<br>A Isaac Pedroso manter\u00e1 o registo das den\u00fancias recebidas e ir\u00e1 conserv\u00e1-las, pelo menos, durante o per\u00edodo de 5 anos e, independentemente desse prazo, durante a pend\u00eancia de processos judiciais ou administrativos inerentes \u00e0 den\u00fancia.<br><br><br><br><\/pre>\n\n\n\n<div class=\"wp-block-group alignfull has-body-alt-color has-background-alt-background-color has-text-color has-background has-global-padding is-layout-constrained wp-container-core-group-is-layout-4 wp-block-group-is-layout-constrained\" style=\"border-radius:0px;margin-top:0;margin-bottom:0;padding-top:140px;padding-right:7vw;padding-left:7vw\">\n<div class=\"wp-block-columns alignwide is-layout-flex wp-container-core-columns-is-layout-1 wp-block-columns-is-layout-flex\" style=\"margin-top:var(--wp--preset--spacing--60);margin-bottom:var(--wp--preset--spacing--60)\">\n<div class=\"wp-block-column is-layout-flow wp-container-core-column-is-layout-1 wp-block-column-is-layout-flow\" style=\"flex-basis:100%\">\n<div class=\"wp-block-group is-style-default has-border-color is-content-justification-center is-nowrap is-layout-flex wp-container-core-group-is-layout-1 wp-block-group-is-layout-flex\" style=\"border-color:#ffffff2b;border-width:1px;border-radius:25px;padding-top:var(--wp--preset--spacing--30);padding-right:var(--wp--preset--spacing--30);padding-bottom:var(--wp--preset--spacing--30);padding-left:var(--wp--preset--spacing--30)\">\n<div class=\"wp-block-lemmony-companion-icon has-medium-plus-font-size\"><div class=\"lemmony-icon-wrapper\"><svg xmlns=\"http:\/\/www.w3.org\/2000\/svg\" viewBox=\"0 0 32 32\" data-reactroot=\"\">\n                            <path d=\"M15.996,28.578c-0.274,0-0.548-0.057-0.804-0.169C9.84,26.039,3.509,21.04,1.791,14.113C0.771,10,2.526,5.801,5.966,4.131 c3.256-1.583,6.941-0.477,10.031,2.949c3.094-3.428,6.784-4.53,10.039-2.948c3.438,1.671,5.192,5.87,4.173,9.981l0,0 c-1.718,6.93-8.053,11.928-13.408,14.296C16.545,28.521,16.271,28.578,15.996,28.578z M8.962,5.437 c-0.729,0-1.443,0.162-2.123,0.492c-2.595,1.261-3.902,4.5-3.107,7.702c1.545,6.232,7.575,10.87,12.269,12.948 c4.687-2.076,10.72-6.713,12.266-12.948l0,0c0.794-3.201-0.513-6.44-3.106-7.701c-2.629-1.28-5.759-0.037-8.376,3.321l-0.789,1.013 l-0.789-1.013C13.271,6.763,11.051,5.437,8.962,5.437z\">\n                            <\/path>\n                        <\/svg><\/div><\/div>\n\n\n\n<p class=\"has-body-alt-color has-text-color has-small-font-size\" style=\"font-style:normal;font-weight:700\"><a href=\"https:\/\/isaacpedroso.pt\/transporteselogistica\/experiencia\/\" data-type=\"page\" data-id=\"368\">Partilhar Experi\u00eancia<\/a><\/p>\n<\/div>\n<\/div>\n\n\n\n<div class=\"wp-block-column is-layout-flow wp-container-core-column-is-layout-2 wp-block-column-is-layout-flow\" style=\"flex-basis:100%\">\n<div class=\"wp-block-group has-border-color is-content-justification-center is-nowrap is-layout-flex wp-container-core-group-is-layout-2 wp-block-group-is-layout-flex\" style=\"border-color:#ffffff2b;border-width:1px;border-radius:25px;padding-top:var(--wp--preset--spacing--30);padding-right:var(--wp--preset--spacing--30);padding-bottom:var(--wp--preset--spacing--30);padding-left:var(--wp--preset--spacing--30)\">\n<div class=\"wp-block-lemmony-companion-icon has-medium-plus-font-size\"><div class=\"lemmony-icon-wrapper\"><svg xmlns=\"http:\/\/www.w3.org\/2000\/svg\" viewBox=\"0 0 32 32\" data-reactroot=\"\">\n                            <path d=\"M11.448,27.938c-2.67,0-5.341-0.688-7.723-2.063c-0.495-0.286-0.939-0.645-1.32-1.064c-0.86-0.948-1.127-2.253-0.713-3.491 c0.429-1.279,1.511-2.23,2.826-2.48l0.141-0.026c4.599-0.877,9.26-0.863,13.856,0.038c1.278,0.25,2.298,1.138,2.727,2.373 c0.42,1.21,0.178,2.509-0.649,3.473c-0.404,0.471-0.882,0.867-1.421,1.179C16.789,27.249,14.118,27.938,11.448,27.938z M4.89,20.803c-0.722,0.138-1.146,0.685-1.302,1.15c-0.087,0.261-0.232,0.929,0.298,1.513c0.242,0.267,0.524,0.494,0.839,0.677 c4.146,2.393,9.299,2.393,13.446-0.001c0.343-0.197,0.646-0.45,0.903-0.749c0.363-0.424,0.465-0.976,0.277-1.514 c-0.192-0.556-0.649-0.954-1.222-1.066c-4.343-0.851-8.751-0.864-13.099-0.036L4.89,20.803z M24.569,25.372 c-0.498,0-0.929-0.37-0.991-0.877c-0.068-0.548,0.321-1.048,0.869-1.115c1.176-0.146,2.293-0.521,3.32-1.113 c0.242-0.14,0.451-0.325,0.618-0.551c0.171-0.229,0.115-0.476,0.066-0.603c-0.08-0.206-0.28-0.448-0.603-0.512 c-1.098-0.215-2.206-0.351-3.308-0.405c-0.552-0.028-0.977-0.497-0.949-1.049c0.028-0.553,0.505-0.989,1.049-0.949 c1.197,0.061,2.401,0.208,3.581,0.438c0.949,0.186,1.747,0.857,2.095,1.756c0.331,0.855,0.209,1.797-0.326,2.517 c-0.332,0.446-0.743,0.812-1.224,1.09c-1.261,0.727-2.631,1.187-4.074,1.365C24.651,25.37,24.61,25.372,24.569,25.372z M23.657,15.53c-2.323,0-4.214-1.89-4.214-4.214s1.891-4.214,4.214-4.214s4.214,1.89,4.214,4.214S25.98,15.53,23.657,15.53z M23.657,9.102c-1.221,0-2.214,0.993-2.214,2.214s0.993,2.214,2.214,2.214s2.214-0.993,2.214-2.214S24.877,9.102,23.657,9.102z M11.319,15.53c-3.162,0-5.734-2.572-5.734-5.734s2.572-5.734,5.734-5.734s5.733,2.572,5.733,5.734S14.48,15.53,11.319,15.53z M11.319,6.062c-2.059,0-3.734,1.675-3.734,3.734s1.675,3.734,3.734,3.734s3.734-1.675,3.734-3.734S13.378,6.062,11.319,6.062z\">\n                            <\/path>\n                        <\/svg><\/div><\/div>\n\n\n\n<p class=\"has-body-alt-color has-text-color has-small-font-size\" style=\"font-style:normal;font-weight:700\"><a href=\"https:\/\/isaacpedroso.pt\/transporteselogistica\/formulario-de-recrutamento\/\" data-type=\"page\" data-id=\"310\">Recrutamento<\/a><\/p>\n<\/div>\n<\/div>\n\n\n\n<div class=\"wp-block-column is-layout-flow wp-container-core-column-is-layout-3 wp-block-column-is-layout-flow\" style=\"flex-basis:100%\">\n<div class=\"wp-block-group has-border-color is-content-justification-center is-nowrap is-layout-flex wp-container-core-group-is-layout-3 wp-block-group-is-layout-flex\" style=\"border-color:#ffffff2b;border-width:1px;border-radius:25px;padding-top:var(--wp--preset--spacing--30);padding-right:var(--wp--preset--spacing--30);padding-bottom:var(--wp--preset--spacing--30);padding-left:var(--wp--preset--spacing--30)\">\n<div class=\"wp-block-lemmony-companion-icon has-medium-plus-font-size\"><div class=\"lemmony-icon-wrapper\"><svg xmlns=\"http:\/\/www.w3.org\/2000\/svg\" viewBox=\"0 0 32 32\" data-reactroot=\"\">\n                            <path d=\"M14.228,30.5c-0.109,0-0.22-0.018-0.328-0.055c-0.433-0.15-0.708-0.576-0.668-1.033l0.904-10.288H7.542 c-0.367,0-0.705-0.201-0.88-0.524c-0.174-0.323-0.158-0.716,0.043-1.023L16.931,1.952c0.251-0.384,0.731-0.548,1.164-0.397 c0.434,0.15,0.709,0.576,0.669,1.032L17.86,12.87h6.599c0.367,0,0.705,0.201,0.88,0.524s0.158,0.716-0.043,1.023l-10.23,15.63 C14.876,30.336,14.558,30.5,14.228,30.5z M9.391,17.124h5.836c0.28,0,0.548,0.118,0.737,0.324c0.189,0.207,0.283,0.484,0.259,0.764 l-0.651,7.407l7.036-10.75h-5.841c-0.28,0-0.548-0.118-0.737-0.325c-0.189-0.207-0.283-0.483-0.259-0.763l0.651-7.401L9.391,17.124 z\">\n                            <\/path>\n                        <\/svg><\/div><\/div>\n\n\n\n<p class=\"has-body-alt-color has-text-color has-small-font-size\" style=\"font-style:normal;font-weight:700\"><a href=\"https:\/\/isaacpedroso.pt\/transporteselogistica\/contactos\/\">Contactos<\/a><\/p>\n<\/div>\n<\/div>\n<\/div>\n\n\n\n<div class=\"wp-block-columns is-layout-flex wp-container-core-columns-is-layout-2 wp-block-columns-is-layout-flex\">\n<div class=\"wp-block-column is-layout-flow wp-block-column-is-layout-flow\" style=\"flex-basis:100%\">\n<p><p class=\"has-body-alt-color has-text-color\" style=\"font-style:normal;font-weight:200;font-size:12px; text-align:center;\"><br><a href=\"https:\/\/www.livroreclamacoes.pt\/Inicio\/\">Livro de Reclama\u00e7\u00f5es<\/a> | <a href=\"#\">Politicas de Privacidade<\/a> | <a href=\"https:\/\/isaacpedroso.pt\/transporteselogistica\/canal-denuncias\/\">Canal Denuncia<\/a> | <a href=\"#\">Pol\u00edtica de Cookies<\/a> | <a href=\"https:\/\/isaacpedroso.pt\/transporteselogistica\/politicas-de-qualidade\/\">Pol\u00edtica de Qualidade <\/a> | <a href=\"https:\/\/isaacpedroso.pt\/transporteselogistica\/rgpc\">RGPC<\/a><br><\/p><\/p>\n<\/div>\n<\/div>\n<\/div>\n","protected":false},"excerpt":{"rendered":"<p>A Lei n.\u00ba 93\/2021, de 20 de dezembro, que estabelece o Regime Geral de Prote\u00e7\u00e3o de Denunciantes de Infra\u00e7\u00f5es transp\u00f4s para o ordenamento jur\u00eddico portugu\u00eas a Diretiva (EU) 2019\/1937, de 23 de outubro de 2019, relativa \u00e0 prote\u00e7\u00e3o das pessoas que denunciam viola\u00e7\u00f5es do direito da Uni\u00e3o. De acordo com os princ\u00edpios de transpar\u00eancia e [&hellip;]<\/p>\n","protected":false},"author":1,"featured_media":0,"parent":0,"menu_order":0,"comment_status":"closed","ping_status":"closed","template":"","meta":{"footnotes":""},"class_list":["post-682","page","type-page","status-publish","hentry"],"_links":{"self":[{"href":"https:\/\/isaacpedroso.pt\/transporteselogistica\/wp-json\/wp\/v2\/pages\/682"}],"collection":[{"href":"https:\/\/isaacpedroso.pt\/transporteselogistica\/wp-json\/wp\/v2\/pages"}],"about":[{"href":"https:\/\/isaacpedroso.pt\/transporteselogistica\/wp-json\/wp\/v2\/types\/page"}],"author":[{"embeddable":true,"href":"https:\/\/isaacpedroso.pt\/transporteselogistica\/wp-json\/wp\/v2\/users\/1"}],"replies":[{"embeddable":true,"href":"https:\/\/isaacpedroso.pt\/transporteselogistica\/wp-json\/wp\/v2\/comments?post=682"}],"version-history":[{"count":35,"href":"https:\/\/isaacpedroso.pt\/transporteselogistica\/wp-json\/wp\/v2\/pages\/682\/revisions"}],"predecessor-version":[{"id":747,"href":"https:\/\/isaacpedroso.pt\/transporteselogistica\/wp-json\/wp\/v2\/pages\/682\/revisions\/747"}],"wp:attachment":[{"href":"https:\/\/isaacpedroso.pt\/transporteselogistica\/wp-json\/wp\/v2\/media?parent=682"}],"curies":[{"name":"wp","href":"https:\/\/api.w.org\/{rel}","templated":true}]}}